{"id":1408,"date":"2022-11-07T15:51:24","date_gmt":"2022-11-07T12:51:24","guid":{"rendered":"http:\/\/bergamaperlite.com\/?page_id=1408"},"modified":"2023-01-03T16:10:17","modified_gmt":"2023-01-03T13:10:17","slug":"atik-yag-petrol-temizleme-perliti","status":"publish","type":"page","link":"https:\/\/bergamaperlite.com\/?page_id=1408","title":{"rendered":"ATIK YA\u011e &#038; PETROL TEM\u0130ZLEME PERL\u0130T\u0130"},"content":{"rendered":"<div data-colibri-id=\"1408-c1\" class=\"style-958 style-local-1408-c1 position-relative\">\n  <!---->\n  <div data-colibri-component=\"section\" data-colibri-id=\"1408-c2\" id=\"custom-2\" class=\"h-section h-section-global-spacing d-flex align-items-lg-center align-items-md-center align-items-center style-1019 style-local-1408-c2 position-relative\">\n    <!---->\n    <!---->\n    <div class=\"h-section-grid-container h-section-boxed-container\">\n      <!---->\n      <div data-colibri-id=\"1408-c3\" class=\"h-row-container gutters-row-lg-2 gutters-row-md-2 gutters-row-0 gutters-row-v-lg-2 gutters-row-v-md-2 gutters-row-v-2 style-1666 style-local-1408-c3 position-relative\">\n        <!---->\n        <div class=\"h-row justify-content-lg-center justify-content-md-center justify-content-center align-items-lg-stretch align-items-md-stretch align-items-stretch gutters-col-lg-2 gutters-col-md-2 gutters-col-0 gutters-col-v-lg-2 gutters-col-v-md-2 gutters-col-v-2\">\n          <!---->\n          <div class=\"h-column h-column-container d-flex h-col-lg-auto h-col-md-auto h-col-auto style-1667-outer style-local-1408-c4-outer\">\n            <div data-colibri-id=\"1408-c4\" class=\"d-flex h-flex-basis h-column__inner h-px-lg-2 h-px-md-2 h-px-2 v-inner-lg-2 v-inner-md-2 v-inner-2 style-1667 style-local-1408-c4 position-relative\">\n              <!---->\n              <!---->\n              <div class=\"w-100 h-y-container h-column__content h-column__v-align flex-basis-100 align-self-lg-start align-self-md-start align-self-start\">\n                <!---->\n                <div data-colibri-id=\"1408-c5\" class=\"page-title style-1668 style-local-1408-c5 position-relative h-element\">\n                  <!---->\n                  <div class=\"h-page-title__outer style-1668-outer style-local-1408-c5-outer\">\n                    <div class=\"h-global-transition-all\"><span><h4 style='margin-bottom:0'>ATIK YA\u011e &#038; PETROL TEM\u0130ZLEME PERL\u0130T\u0130<\/h4><\/span><\/div>\n                  <\/div>\n                <\/div>\n              <\/div>\n            <\/div>\n          <\/div>\n        <\/div>\n      <\/div>\n      <div data-colibri-id=\"1408-c6\" class=\"h-row-container gutters-row-lg-2 gutters-row-md-2 gutters-row-0 gutters-row-v-lg-2 gutters-row-v-md-2 gutters-row-v-2 style-1020 style-local-1408-c6 position-relative\">\n        <!---->\n        <div class=\"h-row justify-content-lg-center justify-content-md-center justify-content-center align-items-lg-stretch align-items-md-stretch align-items-stretch gutters-col-lg-2 gutters-col-md-2 gutters-col-0 gutters-col-v-lg-2 gutters-col-v-md-2 gutters-col-v-2\">\n          <!---->\n          <div class=\"h-column h-column-container d-flex h-col-lg-auto h-col-md-auto h-col-auto style-1021-outer style-local-1408-c7-outer\">\n            <div data-colibri-id=\"1408-c7\" class=\"d-flex h-flex-basis h-column__inner h-px-lg-2 h-px-md-2 h-px-2 v-inner-lg-2 v-inner-md-2 v-inner-2 style-1021 style-local-1408-c7 position-relative\">\n              <!---->\n              <!---->\n              <div class=\"w-100 h-y-container h-column__content h-column__v-align flex-basis-100 align-self-lg-start align-self-md-start align-self-start\">\n                <!---->\n                <div data-colibri-id=\"1408-c8\" class=\"h-text h-text-component style-1027 style-local-1408-c8 position-relative h-element\">\n                  <!---->\n                  <!---->\n                  <div class=\"\">\n                    <p><strong>PETROL H\u0130DROKARBON TEM\u0130ZLEY\u0130C\u0130<\/strong><\/p>\n                    <p>Petrol ve hidrokarbonlar gibi t\u00fcm mineral ve bitkisel y\u00fcz\u00fcc\u00fc s\u0131v\u0131 maddeleri , su ve at\u0131ksu ortamlar\u0131ndan ay\u0131ran mineral bazl\u0131 i\u015flenmi\u015f su itici (hidrofobik) geri kazan\u0131labilen sorbent ve filtre malzemesidir. Gran\u00fcl formunda her t\u00fcrl\u00fc\n                      sekt\u00f6re uygun ambalaj i\u00e7erisine girebilen, depolama ko\u015fullar\u0131nda dahi yang\u0131na dayan\u0131kl\u0131 bir emici sorbent veya ar\u0131tma malzemesidir.&nbsp;Bu t\u00fcr uygulamalarda Genle\u015ftirilmi\u015f Perlit kullan\u0131lmaktad\u0131r. Kal\u0131n Gran\u00fcler Perlit , petrol\n                      t\u00fcrevi madeni ya\u011f , ham petrol mazot vb. materyallerin sudan ay\u0131r\u0131lmas\u0131nda kullan\u0131lmaktad\u0131r.<\/p>\n                    <p>\n                      <br>\n                    <\/p>\n                  <\/div>\n                <\/div>\n              <\/div>\n            <\/div>\n          <\/div>\n          <div class=\"h-column h-column-container d-flex h-col-lg-auto h-col-md-auto h-col-auto style-1022-outer style-local-1408-c9-outer\">\n            <div data-colibri-id=\"1408-c9\" class=\"d-flex h-flex-basis h-column__inner h-px-lg-2 h-px-md-2 h-px-2 v-inner-lg-2 v-inner-md-2 v-inner-2 style-1022 style-local-1408-c9 position-relative\">\n              <!---->\n              <!---->\n              <div class=\"w-100 h-y-container h-column__content h-column__v-align flex-basis-100 align-self-lg-start align-self-md-start align-self-start\">\n                <!---->\n                <div data-colibri-id=\"1408-c10\" class=\"d-block style-1029 style-local-1408-c10 position-relative h-element\">\n                  <!---->\n                  <div class=\"h-image__frame-container-outer\">\n                    <div class=\"h-image__frame-container\">\n                      <!---->\n                      <!---->\n                      <img loading=\"lazy\" decoding=\"async\" width=\"510\" height=\"287\" src=\"https:\/\/bergamaperlite.com\/wp-content\/uploads\/2022\/11\/Gemi-Kirlilik_1.jpg\" class=\"wp-image-1555 style-1029-image style-local-1408-c10-image\" alt=\"\" \/>\n                      <div class=\"h-image__frame h-hide-lg h-hide-md h-hide-sm style-1029-frameImage style-local-1408-c10-frameImage\"><\/div>\n                    <\/div>\n                  <\/div>\n                <\/div>\n              <\/div>\n            <\/div>\n          <\/div>\n        <\/div>\n      <\/div>\n    <\/div>\n  <\/div>\n  <div data-colibri-component=\"section\" data-colibri-id=\"1408-c11\" id=\"custom-3\" class=\"h-section h-section-global-spacing d-flex align-items-lg-center align-items-md-center align-items-center style-1023 style-local-1408-c11 position-relative\">\n    <!---->\n    <!---->\n    <div class=\"h-section-grid-container h-section-boxed-container\">\n      <!---->\n      <div data-colibri-id=\"1408-c12\" class=\"h-row-container gutters-row-lg-2 gutters-row-md-2 gutters-row-0 gutters-row-v-lg-2 gutters-row-v-md-2 gutters-row-v-2 style-1024 style-local-1408-c12 position-relative\">\n        <!---->\n        <div class=\"h-row justify-content-lg-center justify-content-md-center justify-content-center align-items-lg-stretch align-items-md-stretch align-items-stretch gutters-col-lg-2 gutters-col-md-2 gutters-col-0 gutters-col-v-lg-2 gutters-col-v-md-2 gutters-col-v-2\">\n          <!---->\n          <div class=\"h-column h-column-container d-flex h-col-lg-auto h-col-md-auto h-col-auto style-1025-outer style-local-1408-c13-outer\">\n            <div data-colibri-id=\"1408-c13\" class=\"d-flex h-flex-basis h-column__inner h-px-lg-2 h-px-md-2 h-px-2 v-inner-lg-2 v-inner-md-2 v-inner-2 style-1025 style-local-1408-c13 position-relative\">\n              <!---->\n              <!---->\n              <div class=\"w-100 h-y-container h-column__content h-column__v-align flex-basis-100 align-self-lg-start align-self-md-start align-self-start\">\n                <!---->\n                <div data-colibri-id=\"1408-c14\" class=\"d-block style-1030 style-local-1408-c14 position-relative h-element\">\n                  <!---->\n                  <div class=\"h-image__frame-container-outer\">\n                    <div class=\"h-image__frame-container\">\n                      <!---->\n                      <!---->\n                      <img loading=\"lazy\" decoding=\"async\" width=\"780\" height=\"470\" src=\"https:\/\/bergamaperlite.com\/wp-content\/uploads\/2022\/11\/gemi-kazalari.jpg\" class=\"wp-image-2821 style-1030-image style-local-1408-c14-image\" alt=\"\" \/>\n                      <div class=\"h-image__frame h-hide-lg h-hide-md h-hide-sm style-1030-frameImage style-local-1408-c14-frameImage\"><\/div>\n                    <\/div>\n                  <\/div>\n                <\/div>\n              <\/div>\n            <\/div>\n          <\/div>\n          <div class=\"h-column h-column-container d-flex h-col-lg-auto h-col-md-auto h-col-auto style-1026-outer style-local-1408-c15-outer\">\n            <div data-colibri-id=\"1408-c15\" class=\"d-flex h-flex-basis h-column__inner h-px-lg-2 h-px-md-2 h-px-2 v-inner-lg-2 v-inner-md-2 v-inner-2 style-1026 style-local-1408-c15 position-relative\">\n              <!---->\n              <!---->\n              <div class=\"w-100 h-y-container h-column__content h-column__v-align flex-basis-100 align-self-lg-start align-self-md-start align-self-start\">\n                <!---->\n                <div data-colibri-id=\"1408-c16\" class=\"h-text h-text-component style-1028 style-local-1408-c16 position-relative h-element\">\n                  <!---->\n                  <!---->\n                  <div class=\"\">\n                    <p><strong>GEM\u0130 KAZALARI, PETROL VE AKARYAKIT SIZINTILARI&nbsp;<\/strong><\/p>\n                    <p>Deniz kazalar\u0131nda, akaryak\u0131t s\u0131z\u0131nt\u0131lar\u0131nda, limanlarda, i\u00e7 sularda, petrol platformlar\u0131nda yani petrol t\u00fcrevlerinin kullan\u0131ld\u0131\u011f\u0131 her yerde emici sorbent Perlit kullan\u0131lmaktad\u0131r.<\/p>\n                    <p>Genle\u015ftirilmi\u015f Perlitler&nbsp;emme kapasitesi petrol ve ya\u011f ile dolsa dahi uzun s\u00fcre su y\u00fczeyinde batmadan durabilen bir malzemedir.<\/p>\n                    <p>Genle\u015ftirilmi\u015f Perlitler, her t\u00fcrl\u00fc r\u00fczgarl\u0131 ve dalgal\u0131 ko\u015fullarda kullan\u0131labilen ve emdi\u011fi petrol, akaryak\u0131t ve ya\u011flar\u0131 i\u00e7ine hapseden ve geri b\u0131rakmayan bir malzemedir.<\/p>\n                    <p>Genle\u015ftirilmi\u015f Perlitin en \u00f6nemli \u00f6zelli\u011fi, emici sorbent olarak emme kapasitesi dolana kadar malzemenin tekrar tekrar kullan\u0131labilmesi, emme kapasitesi dolunca da geri kazan\u0131labilmesidir.<\/p>\n                    <p><strong>H\u0130DROKARBON\/YA\u011e&nbsp;ARITMA<\/strong>&nbsp;<\/p>\n                    <p>Genle\u015ftirilmi\u015f Perlitler, Ar\u0131tma tesislerinin su ortamlar\u0131nda serbest\u00e7e, ask\u0131da hareket edebilen veya filtre olarak petrol \/akaryak\u0131t (hidrokarbon) veya bitkisel k\u00f6kenli y\u00fcz\u00fcc\u00fc s\u0131v\u0131&nbsp;maddeleri tutma malzemesi olarak hizmet vermektedir.<\/p>\n                    <p>\n                      <br>\n                    <\/p>\n                  <\/div>\n                <\/div>\n              <\/div>\n            <\/div>\n          <\/div>\n        <\/div>\n      <\/div>\n      <div data-colibri-id=\"1408-c17\" class=\"h-row-container gutters-row-lg-2 gutters-row-md-2 gutters-row-0 gutters-row-v-lg-2 gutters-row-v-md-2 gutters-row-v-2 style-1255 style-local-1408-c17 position-relative\">\n        <!---->\n        <div class=\"h-row justify-content-lg-center justify-content-md-center justify-content-center align-items-lg-stretch align-items-md-stretch align-items-stretch gutters-col-lg-2 gutters-col-md-2 gutters-col-0 gutters-col-v-lg-2 gutters-col-v-md-2 gutters-col-v-2\">\n          <!---->\n          <div class=\"h-column h-column-container d-flex h-col-lg-auto h-col-md-auto h-col-auto style-1256-outer style-local-1408-c18-outer\">\n            <div data-colibri-id=\"1408-c18\" class=\"d-flex h-flex-basis h-column__inner h-px-lg-2 h-px-md-2 h-px-2 v-inner-lg-2 v-inner-md-2 v-inner-2 style-1256 style-local-1408-c18 position-relative\">\n              <!---->\n              <!---->\n              <div class=\"w-100 h-y-container h-column__content h-column__v-align flex-basis-100 align-self-lg-start align-self-md-start align-self-start\">\n                <!---->\n                <div data-colibri-id=\"1408-c19\" class=\"h-x-container style-1257 style-local-1408-c19 position-relative h-element\">\n                  <!---->\n                  <div class=\"h-x-container-inner style-dynamic-1408-c19-group\">\n                    <!----><span class=\"h-button__outer style-1258-outer style-local-1408-c20-outer d-inline-flex h-element\"><a  h-use-smooth-scroll=\"true\" href=\"https:\/\/bergamaperlite.com\/\"  data-colibri-id=\"1408-c20\" class=\"d-flex w-100 align-items-center h-button justify-content-lg-center justify-content-md-center justify-content-center style-1258 style-local-1408-c20 position-relative\"><!----><!----> <span >ANA SAYFAYA GER\u0130 D\u00d6N<\/span><\/a>\n                    <\/span>\n                  <\/div>\n                <\/div>\n              <\/div>\n            <\/div>\n          <\/div>\n        <\/div>\n      <\/div>\n      <div data-colibri-id=\"1408-c21\" class=\"h-row-container gutters-row-lg-2 gutters-row-md-2 gutters-row-0 gutters-row-v-lg-2 gutters-row-v-md-2 gutters-row-v-2 style-1319 style-local-1408-c21 position-relative\">\n        <!---->\n        <div class=\"h-row justify-content-lg-center justify-content-md-center justify-content-center align-items-lg-stretch align-items-md-stretch align-items-stretch gutters-col-lg-2 gutters-col-md-2 gutters-col-0 gutters-col-v-lg-2 gutters-col-v-md-2 gutters-col-v-2\">\n          <!---->\n          <div class=\"h-column h-column-container d-flex h-col-lg-auto h-col-md-auto h-col-auto style-1320-outer style-local-1408-c22-outer\">\n            <div data-colibri-id=\"1408-c22\" class=\"d-flex h-flex-basis h-column__inner h-px-lg-2 h-px-md-2 h-px-2 v-inner-lg-2 v-inner-md-2 v-inner-2 style-1320 style-local-1408-c22 position-relative\">\n              <!---->\n              <!---->\n              <div class=\"w-100 h-y-container h-column__content h-column__v-align flex-basis-100 align-self-lg-start align-self-md-start align-self-start\">\n                <!---->\n                <div data-colibri-id=\"1408-c23\" class=\"h-x-container style-1325 style-local-1408-c23 position-relative h-element\">\n                  <!---->\n                  <div class=\"h-x-container-inner style-dynamic-1408-c23-group style-1325-spacing style-local-1408-c23-spacing\"><span class=\"h-button__outer style-1326-outer style-local-1408-c24-outer d-inline-flex h-element\"><a h-use-smooth-scroll=\"true\" href=\"https:\/\/bergamaperlite.com\/?page_id=1400\"  data-colibri-id=\"1408-c24\" class=\"d-flex w-100 align-items-center h-button justify-content-lg-center justify-content-md-center justify-content-center style-1326 style-local-1408-c24 position-relative\"><!----><!----> <span>bir \u00f6nceki sayfa<\/span><\/a>\n                    <\/span>\n                  <\/div>\n                <\/div>\n              <\/div>\n            <\/div>\n          <\/div>\n          <div class=\"h-column h-column-container d-flex h-col-lg-auto h-col-md-auto h-col-auto style-1324-outer style-local-1408-c25-outer\">\n            <div data-colibri-id=\"1408-c25\" class=\"d-flex h-flex-basis h-column__inner h-ui-empty-state-container h-px-lg-2 h-px-md-2 h-px-2 v-inner-lg-2 v-inner-md-2 v-inner-2 style-1324 style-local-1408-c25 position-relative\">\n              <!---->\n              <!---->\n              <div class=\"w-100 h-y-container h-column__content h-column__v-align flex-basis-100\">\n                <!---->\n              <\/div>\n            <\/div>\n          <\/div>\n          <div class=\"h-column h-column-container d-flex h-col-lg-auto h-col-md-auto h-col-auto style-1323-outer style-local-1408-c26-outer\">\n            <div data-colibri-id=\"1408-c26\" class=\"d-flex h-flex-basis h-column__inner h-px-lg-2 h-px-md-2 h-px-2 v-inner-lg-2 v-inner-md-2 v-inner-2 style-1323 style-local-1408-c26 position-relative\">\n              <!---->\n              <!---->\n              <div class=\"w-100 h-y-container h-column__content h-column__v-align flex-basis-100 align-self-lg-start align-self-md-start align-self-start\">\n                <!---->\n                <div data-colibri-id=\"1408-c27\" class=\"h-x-container style-1327 style-local-1408-c27 position-relative h-element\">\n                  <!---->\n                  <div class=\"h-x-container-inner style-dynamic-1408-c27-group style-1327-spacing style-local-1408-c27-spacing\"><span class=\"h-button__outer style-1328-outer style-local-1408-c28-outer d-inline-flex h-element\"><a h-use-smooth-scroll=\"true\" href=\"https:\/\/bergamaperlite.com\/?page_id=1401\"  data-colibri-id=\"1408-c28\" class=\"d-flex w-100 align-items-center h-button justify-content-lg-center justify-content-md-center justify-content-center style-1328 style-local-1408-c28 position-relative\"><!----><!----> <span>bir sonraki sayfa<\/span><\/a>\n                    <\/span>\n                  <\/div>\n                <\/div>\n              <\/div>\n            <\/div>\n          <\/div>\n        <\/div>\n      <\/div>\n    <\/div>\n  <\/div>\n<\/div>","protected":false},"excerpt":{"rendered":"<p>PETROL H\u0130DROKARBON TEM\u0130ZLEY\u0130C\u0130 Petrol ve hidrokarbonlar gibi t\u00fcm mineral ve bitkisel y\u00fcz\u00fcc\u00fc s\u0131v\u0131 maddeleri , su ve at\u0131ksu ortamlar\u0131ndan ay\u0131ran mineral bazl\u0131 i\u015flenmi\u015f su itici (hidrofobik) geri kazan\u0131labilen sorbent ve filtre malzemesidir. Gran\u00fcl formunda her t\u00fcrl\u00fc sekt\u00f6re uygun ambalaj i\u00e7erisine girebilen, depolama ko\u015fullar\u0131nda dahi yang\u0131na dayan\u0131kl\u0131 bir emici sorbent veya ar\u0131tma malzemesidir.&nbsp;Bu t\u00fcr uygulamalarda Genle\u015ftirilmi\u015f [&hellip;]<\/p>\n","protected":false},"author":1,"featured_media":0,"parent":0,"menu_order":0,"comment_status":"closed","ping_status":"closed","template":"page-templates\/full-width-page.php","meta":{"footnotes":""},"class_list":["post-1408","page","type-page","status-publish","hentry"],"yoast_head":"<!-- This site is optimized with the Yoast SEO plugin v19.13 - https:\/\/yoast.com\/wordpress\/plugins\/seo\/ -->\r\n<title>ATIK YA\u011e &amp; PETROL TEM\u0130ZLEME PERL\u0130T\u0130 - Cullas Group<\/title>\r\n<meta name=\"robots\" content=\"index, follow, max-snippet:-1, max-image-preview:large, max-video-preview:-1\" \/>\r\n<link rel=\"canonical\" href=\"https:\/\/bergamaperlite.com\/?page_id=1408\" \/>\r\n<meta property=\"og:locale\" content=\"tr_TR\" \/>\r\n<meta property=\"og:type\" content=\"article\" \/>\r\n<meta property=\"og:title\" content=\"ATIK YA\u011e &amp; PETROL TEM\u0130ZLEME PERL\u0130T\u0130 - Cullas Group\" \/>\r\n<meta property=\"og:description\" content=\"PETROL H\u0130DROKARBON TEM\u0130ZLEY\u0130C\u0130 Petrol ve hidrokarbonlar gibi t\u00fcm mineral ve bitkisel y\u00fcz\u00fcc\u00fc s\u0131v\u0131 maddeleri , su ve at\u0131ksu ortamlar\u0131ndan ay\u0131ran mineral bazl\u0131 i\u015flenmi\u015f su itici (hidrofobik) geri kazan\u0131labilen sorbent ve filtre malzemesidir. Gran\u00fcl formunda her t\u00fcrl\u00fc sekt\u00f6re uygun ambalaj i\u00e7erisine girebilen, depolama ko\u015fullar\u0131nda dahi yang\u0131na dayan\u0131kl\u0131 bir emici sorbent veya ar\u0131tma malzemesidir.&nbsp;Bu t\u00fcr uygulamalarda Genle\u015ftirilmi\u015f [&hellip;]\" \/>\r\n<meta property=\"og:url\" content=\"https:\/\/bergamaperlite.com\/?page_id=1408\" \/>\r\n<meta property=\"og:site_name\" content=\"Cullas Group\" \/>\r\n<meta property=\"article:publisher\" content=\"https:\/\/www.facebook.com\/CullasGroup\" \/>\r\n<meta property=\"article:modified_time\" content=\"2023-01-03T13:10:17+00:00\" \/>\r\n<meta property=\"og:image\" content=\"https:\/\/bergamaperlite.com\/wp-content\/uploads\/2022\/11\/Gemi-Kirlilik_1.jpg\" \/>\r\n<meta name=\"twitter:card\" content=\"summary_large_image\" \/>\r\n<meta name=\"twitter:label1\" content=\"Tahmini okuma s\u00fcresi\" \/>\n\t<meta name=\"twitter:data1\" content=\"1 dakika\" \/>\r\n<script type=\"application\/ld+json\" class=\"yoast-schema-graph\">{\"@context\":\"https:\/\/schema.org\",\"@graph\":[{\"@type\":\"WebPage\",\"@id\":\"https:\/\/bergamaperlite.com\/?page_id=1408\",\"url\":\"https:\/\/bergamaperlite.com\/?page_id=1408\",\"name\":\"ATIK YA\u011e & PETROL TEM\u0130ZLEME PERL\u0130T\u0130 - Cullas Group\",\"isPartOf\":{\"@id\":\"https:\/\/bergamaperlite.com\/#website\"},\"datePublished\":\"2022-11-07T12:51:24+00:00\",\"dateModified\":\"2023-01-03T13:10:17+00:00\",\"breadcrumb\":{\"@id\":\"https:\/\/bergamaperlite.com\/?page_id=1408#breadcrumb\"},\"inLanguage\":\"tr\",\"potentialAction\":[{\"@type\":\"ReadAction\",\"target\":[\"https:\/\/bergamaperlite.com\/?page_id=1408\"]}]},{\"@type\":\"BreadcrumbList\",\"@id\":\"https:\/\/bergamaperlite.com\/?page_id=1408#breadcrumb\",\"itemListElement\":[{\"@type\":\"ListItem\",\"position\":1,\"name\":\"Anasayfa\",\"item\":\"https:\/\/bergamaperlite.com\/\"},{\"@type\":\"ListItem\",\"position\":2,\"name\":\"ATIK YA\u011e &#038; PETROL TEM\u0130ZLEME PERL\u0130T\u0130\"}]},{\"@type\":\"WebSite\",\"@id\":\"https:\/\/bergamaperlite.com\/#website\",\"url\":\"https:\/\/bergamaperlite.com\/\",\"name\":\"Bergama Perlite\",\"description\":\"\",\"publisher\":{\"@id\":\"https:\/\/bergamaperlite.com\/#organization\"},\"potentialAction\":[{\"@type\":\"SearchAction\",\"target\":{\"@type\":\"EntryPoint\",\"urlTemplate\":\"https:\/\/bergamaperlite.com\/?s={search_term_string}\"},\"query-input\":\"required name=search_term_string\"}],\"inLanguage\":\"tr\"},{\"@type\":\"Organization\",\"@id\":\"https:\/\/bergamaperlite.com\/#organization\",\"name\":\"Bergama Perlite\",\"url\":\"https:\/\/bergamaperlite.com\/\",\"logo\":{\"@type\":\"ImageObject\",\"inLanguage\":\"tr\",\"@id\":\"https:\/\/bergamaperlite.com\/#\/schema\/logo\/image\/\",\"url\":\"https:\/\/bergamaperlite.com\/wp-content\/uploads\/2022\/11\/cullaslogo-1.png\",\"contentUrl\":\"https:\/\/bergamaperlite.com\/wp-content\/uploads\/2022\/11\/cullaslogo-1.png\",\"width\":312,\"height\":200,\"caption\":\"Bergama Perlite\"},\"image\":{\"@id\":\"https:\/\/bergamaperlite.com\/#\/schema\/logo\/image\/\"},\"sameAs\":[\"http:\/\/www.linkedin.com\/company\/2885535?trk=prof-exp-company-name\",\"https:\/\/www.facebook.com\/CullasGroup\"]}]}<\/script>\r\n<!-- \/ Yoast SEO plugin. -->","yoast_head_json":{"title":"ATIK YA\u011e & PETROL TEM\u0130ZLEME PERL\u0130T\u0130 - Cullas Group","robots":{"index":"index","follow":"follow","max-snippet":"max-snippet:-1","max-image-preview":"max-image-preview:large","max-video-preview":"max-video-preview:-1"},"canonical":"https:\/\/bergamaperlite.com\/?page_id=1408","og_locale":"tr_TR","og_type":"article","og_title":"ATIK YA\u011e & PETROL TEM\u0130ZLEME PERL\u0130T\u0130 - Cullas Group","og_description":"PETROL H\u0130DROKARBON TEM\u0130ZLEY\u0130C\u0130 Petrol ve hidrokarbonlar gibi t\u00fcm mineral ve bitkisel y\u00fcz\u00fcc\u00fc s\u0131v\u0131 maddeleri , su ve at\u0131ksu ortamlar\u0131ndan ay\u0131ran mineral bazl\u0131 i\u015flenmi\u015f su itici (hidrofobik) geri kazan\u0131labilen sorbent ve filtre malzemesidir. Gran\u00fcl formunda her t\u00fcrl\u00fc sekt\u00f6re uygun ambalaj i\u00e7erisine girebilen, depolama ko\u015fullar\u0131nda dahi yang\u0131na dayan\u0131kl\u0131 bir emici sorbent veya ar\u0131tma malzemesidir.&nbsp;Bu t\u00fcr uygulamalarda Genle\u015ftirilmi\u015f [&hellip;]","og_url":"https:\/\/bergamaperlite.com\/?page_id=1408","og_site_name":"Cullas Group","article_publisher":"https:\/\/www.facebook.com\/CullasGroup","article_modified_time":"2023-01-03T13:10:17+00:00","og_image":[{"url":"https:\/\/bergamaperlite.com\/wp-content\/uploads\/2022\/11\/Gemi-Kirlilik_1.jpg"}],"twitter_card":"summary_large_image","twitter_misc":{"Tahmini okuma s\u00fcresi":"1 dakika"},"schema":{"@context":"https:\/\/schema.org","@graph":[{"@type":"WebPage","@id":"https:\/\/bergamaperlite.com\/?page_id=1408","url":"https:\/\/bergamaperlite.com\/?page_id=1408","name":"ATIK YA\u011e & PETROL TEM\u0130ZLEME PERL\u0130T\u0130 - Cullas Group","isPartOf":{"@id":"https:\/\/bergamaperlite.com\/#website"},"datePublished":"2022-11-07T12:51:24+00:00","dateModified":"2023-01-03T13:10:17+00:00","breadcrumb":{"@id":"https:\/\/bergamaperlite.com\/?page_id=1408#breadcrumb"},"inLanguage":"tr","potentialAction":[{"@type":"ReadAction","target":["https:\/\/bergamaperlite.com\/?page_id=1408"]}]},{"@type":"BreadcrumbList","@id":"https:\/\/bergamaperlite.com\/?page_id=1408#breadcrumb","itemListElement":[{"@type":"ListItem","position":1,"name":"Anasayfa","item":"https:\/\/bergamaperlite.com\/"},{"@type":"ListItem","position":2,"name":"ATIK YA\u011e &#038; PETROL TEM\u0130ZLEME PERL\u0130T\u0130"}]},{"@type":"WebSite","@id":"https:\/\/bergamaperlite.com\/#website","url":"https:\/\/bergamaperlite.com\/","name":"Bergama Perlite","description":"","publisher":{"@id":"https:\/\/bergamaperlite.com\/#organization"},"potentialAction":[{"@type":"SearchAction","target":{"@type":"EntryPoint","urlTemplate":"https:\/\/bergamaperlite.com\/?s={search_term_string}"},"query-input":"required name=search_term_string"}],"inLanguage":"tr"},{"@type":"Organization","@id":"https:\/\/bergamaperlite.com\/#organization","name":"Bergama Perlite","url":"https:\/\/bergamaperlite.com\/","logo":{"@type":"ImageObject","inLanguage":"tr","@id":"https:\/\/bergamaperlite.com\/#\/schema\/logo\/image\/","url":"https:\/\/bergamaperlite.com\/wp-content\/uploads\/2022\/11\/cullaslogo-1.png","contentUrl":"https:\/\/bergamaperlite.com\/wp-content\/uploads\/2022\/11\/cullaslogo-1.png","width":312,"height":200,"caption":"Bergama Perlite"},"image":{"@id":"https:\/\/bergamaperlite.com\/#\/schema\/logo\/image\/"},"sameAs":["http:\/\/www.linkedin.com\/company\/2885535?trk=prof-exp-company-name","https:\/\/www.facebook.com\/CullasGroup"]}]}},"_links":{"self":[{"href":"https:\/\/bergamaperlite.com\/index.php?rest_route=\/wp\/v2\/pages\/1408","targetHints":{"allow":["GET"]}}],"collection":[{"href":"https:\/\/bergamaperlite.com\/index.php?rest_route=\/wp\/v2\/pages"}],"about":[{"href":"https:\/\/bergamaperlite.com\/index.php?rest_route=\/wp\/v2\/types\/page"}],"author":[{"embeddable":true,"href":"https:\/\/bergamaperlite.com\/index.php?rest_route=\/wp\/v2\/users\/1"}],"replies":[{"embeddable":true,"href":"https:\/\/bergamaperlite.com\/index.php?rest_route=%2Fwp%2Fv2%2Fcomments&post=1408"}],"version-history":[{"count":19,"href":"https:\/\/bergamaperlite.com\/index.php?rest_route=\/wp\/v2\/pages\/1408\/revisions"}],"predecessor-version":[{"id":3900,"href":"https:\/\/bergamaperlite.com\/index.php?rest_route=\/wp\/v2\/pages\/1408\/revisions\/3900"}],"wp:attachment":[{"href":"https:\/\/bergamaperlite.com\/index.php?rest_route=%2Fwp%2Fv2%2Fmedia&parent=1408"}],"curies":[{"name":"wp","href":"https:\/\/api.w.org\/{rel}","templated":true}]}}